{"id":56,"date":"2024-05-16T18:27:54","date_gmt":"2024-05-16T16:27:54","guid":{"rendered":"https:\/\/casaruralabuela.es\/index.php\/events\/"},"modified":"2025-07-24T10:45:46","modified_gmt":"2025-07-24T08:45:46","slug":"actividades","status":"publish","type":"page","link":"https:\/\/casaruralabuela.es\/index.php\/actividades\/","title":{"rendered":"Actividades"},"content":{"rendered":"\t\t<div data-elementor-type=\"wp-page\" data-elementor-id=\"56\" class=\"elementor elementor-56\" data-elementor-post-type=\"page\">\n\t\t\t\t<div class=\"elementor-element elementor-element-7987b03f e-con-full e-flex e-con e-parent\" data-id=\"7987b03f\" data-element_type=\"container\" data-settings=\"{&quot;background_background&quot;:&quot;classic&quot;}\">\n\t\t<div class=\"elementor-element elementor-element-47d663c7 e-con-full e-flex e-con e-child\" data-id=\"47d663c7\" data-element_type=\"container\">\n\t\t\t\t<div class=\"elementor-element elementor-element-a2ddd26 elementor-invisible elementor-widget elementor-widget-heading\" data-id=\"a2ddd26\" data-element_type=\"widget\" data-settings=\"{&quot;_animation&quot;:&quot;fadeIn&quot;}\" data-widget_type=\"heading.default\">\n\t\t\t\t<div class=\"elementor-widget-container\">\n\t\t\t\t\t<h1 class=\"elementor-heading-title elementor-size-default\">Actividades<\/h1>\t\t\t\t<\/div>\n\t\t\t\t<\/div>\n\t\t\t\t<div class=\"elementor-element elementor-element-33c8fd2e elementor-widget elementor-widget-heading\" data-id=\"33c8fd2e\" data-element_type=\"widget\" data-widget_type=\"heading.default\">\n\t\t\t\t<div class=\"elementor-widget-container\">\n\t\t\t\t\t<h5 class=\"elementor-heading-title elementor-size-default\">Un entorno en el que podr\u00e1s desconectar y disfrutar de la naturaleza<\/h5>\t\t\t\t<\/div>\n\t\t\t\t<\/div>\n\t\t\t\t<\/div>\n\t\t\t\t<\/div>\n\t\t<div class=\"elementor-element elementor-element-be9780c e-flex e-con-boxed e-con e-parent\" data-id=\"be9780c\" data-element_type=\"container\">\n\t\t\t\t\t<div class=\"e-con-inner\">\n\t\t<div class=\"elementor-element elementor-element-3ffaaf57 e-con-full e-flex e-con e-child\" data-id=\"3ffaaf57\" data-element_type=\"container\" data-settings=\"{&quot;background_background&quot;:&quot;classic&quot;}\">\n\t\t\t\t<div class=\"elementor-element elementor-element-48d8237f elementor-widget elementor-widget-image-box\" data-id=\"48d8237f\" data-element_type=\"widget\" data-widget_type=\"image-box.default\">\n\t\t\t\t<div class=\"elementor-widget-container\">\n\t\t\t\t\t<div class=\"elementor-image-box-wrapper\"><div class=\"elementor-image-box-content\"><h4 class=\"elementor-image-box-title\">Iglesia de San Miguel Arc\u00e1ngel<\/h4><p class=\"elementor-image-box-description\">Una iglesia hist\u00f3rica que es un buen ejemplo de la arquitectura religiosa de la regi\u00f3n.<\/p><\/div><\/div>\t\t\t\t<\/div>\n\t\t\t\t<\/div>\n\t\t\t\t<div class=\"elementor-element elementor-element-13ab65e2 elementor-widget elementor-widget-image-box\" data-id=\"13ab65e2\" data-element_type=\"widget\" data-widget_type=\"image-box.default\">\n\t\t\t\t<div class=\"elementor-widget-container\">\n\t\t\t\t\t<div class=\"elementor-image-box-wrapper\"><div class=\"elementor-image-box-content\"><h4 class=\"elementor-image-box-title\">Casco antiguo<\/h4><p class=\"elementor-image-box-description\">Pasear por el casco antiguo del pueblo para disfrutar de la arquitectura tradicional y la atm\u00f3sfera tranquila.<\/p><\/div><\/div>\t\t\t\t<\/div>\n\t\t\t\t<\/div>\n\t\t\t\t<div class=\"elementor-element elementor-element-8b6f5b8 elementor-widget elementor-widget-image-box\" data-id=\"8b6f5b8\" data-element_type=\"widget\" data-widget_type=\"image-box.default\">\n\t\t\t\t<div class=\"elementor-widget-container\">\n\t\t\t\t\t<div class=\"elementor-image-box-wrapper\"><div class=\"elementor-image-box-content\"><h4 class=\"elementor-image-box-title\">Fiestas patronales<\/h4><p class=\"elementor-image-box-description\">Pasear por el casco antiguo del pueblo para disfrutar de la arquitectura tradicional y la atm\u00f3sfera tranquila.<\/p><\/div><\/div>\t\t\t\t<\/div>\n\t\t\t\t<\/div>\n\t\t\t\t<div class=\"elementor-element elementor-element-36a8419 elementor-widget elementor-widget-image-box\" data-id=\"36a8419\" data-element_type=\"widget\" data-widget_type=\"image-box.default\">\n\t\t\t\t<div class=\"elementor-widget-container\">\n\t\t\t\t\t<div class=\"elementor-image-box-wrapper\"><div class=\"elementor-image-box-content\"><h4 class=\"elementor-image-box-title\">Gastronom\u00eda local<\/h4><p class=\"elementor-image-box-description\">Disfrutar de la gastronom\u00eda local en bares y restaurantes de la zona, donde se pueden probar platos t\u00edpicos como el ternasco, migas, y embutidos.<\/p><\/div><\/div>\t\t\t\t<\/div>\n\t\t\t\t<\/div>\n\t\t\t\t<\/div>\n\t\t<div class=\"elementor-element elementor-element-796e3f57 e-con-full e-flex e-con e-child\" data-id=\"796e3f57\" data-element_type=\"container\">\n\t\t\t\t<div class=\"elementor-element elementor-element-58d81159 elementor-widget elementor-widget-heading\" data-id=\"58d81159\" data-element_type=\"widget\" data-widget_type=\"heading.default\">\n\t\t\t\t<div class=\"elementor-widget-container\">\n\t\t\t\t\t<h2 class=\"elementor-heading-title elementor-size-default\">Cultura y Fiestas<\/h2>\t\t\t\t<\/div>\n\t\t\t\t<\/div>\n\t\t\t\t<div class=\"elementor-element elementor-element-7284dc2e elementor-widget elementor-widget-text-editor\" data-id=\"7284dc2e\" data-element_type=\"widget\" data-widget_type=\"text-editor.default\">\n\t\t\t\t<div class=\"elementor-widget-container\">\n\t\t\t\t\t\t\t\t\t<p>Descubre una amplia oferta de actividades culturales y festivas de la zona.<\/p>\t\t\t\t\t\t\t\t<\/div>\n\t\t\t\t<\/div>\n\t\t\t\t<\/div>\n\t\t\t\t\t<\/div>\n\t\t\t\t<\/div>\n\t\t<div class=\"elementor-element elementor-element-34589ac e-flex e-con-boxed e-con e-parent\" data-id=\"34589ac\" data-element_type=\"container\">\n\t\t\t\t\t<div class=\"e-con-inner\">\n\t\t\t\t<div class=\"elementor-element elementor-element-f9d24e6 elementor-arrows-position-inside elementor-pagination-position-outside elementor-widget elementor-widget-image-carousel\" data-id=\"f9d24e6\" data-element_type=\"widget\" data-settings=\"{&quot;slides_to_show&quot;:&quot;4&quot;,&quot;image_spacing_custom&quot;:{&quot;unit&quot;:&quot;px&quot;,&quot;size&quot;:15,&quot;sizes&quot;:[]},&quot;navigation&quot;:&quot;both&quot;,&quot;autoplay&quot;:&quot;yes&quot;,&quot;pause_on_hover&quot;:&quot;yes&quot;,&quot;pause_on_interaction&quot;:&quot;yes&quot;,&quot;autoplay_speed&quot;:5000,&quot;infinite&quot;:&quot;yes&quot;,&quot;speed&quot;:500,&quot;image_spacing_custom_tablet&quot;:{&quot;unit&quot;:&quot;px&quot;,&quot;size&quot;:&quot;&quot;,&quot;sizes&quot;:[]},&quot;image_spacing_custom_mobile&quot;:{&quot;unit&quot;:&quot;px&quot;,&quot;size&quot;:&quot;&quot;,&quot;sizes&quot;:[]}}\" data-widget_type=\"image-carousel.default\">\n\t\t\t\t<div class=\"elementor-widget-container\">\n\t\t\t\t\t\t\t<div class=\"elementor-image-carousel-wrapper swiper\" role=\"region\" aria-roledescription=\"carousel\" aria-label=\"Carrusel de im\u00e1genes\" dir=\"ltr\">\n\t\t\t<div class=\"elementor-image-carousel swiper-wrapper\" aria-live=\"off\">\n\t\t\t\t\t\t\t\t<div class=\"swiper-slide\" role=\"group\" aria-roledescription=\"slide\" aria-label=\"1 de 6\"><figure class=\"swiper-slide-inner\"><img decoding=\"async\" class=\"swiper-slide-image\" src=\"https:\/\/casaruralabuela.es\/wp-content\/uploads\/2024\/07\/Ternasco-de-Aragon-Embid-.png\" alt=\"Ternasco de Arag\u00f3n Embid\" \/><\/figure><\/div><div class=\"swiper-slide\" role=\"group\" aria-roledescription=\"slide\" aria-label=\"2 de 6\"><figure class=\"swiper-slide-inner\"><img decoding=\"async\" class=\"swiper-slide-image\" src=\"https:\/\/casaruralabuela.es\/wp-content\/uploads\/2024\/07\/Btt-Embid.png\" alt=\"Btt Embid\" \/><\/figure><\/div><div class=\"swiper-slide\" role=\"group\" aria-roledescription=\"slide\" aria-label=\"3 de 6\"><figure class=\"swiper-slide-inner\"><img decoding=\"async\" class=\"swiper-slide-image\" src=\"https:\/\/casaruralabuela.es\/wp-content\/uploads\/2024\/07\/Fiestas-Embid-de-la-Ribera.png\" alt=\"Fiestas Embid de la Ribera\" \/><\/figure><\/div><div class=\"swiper-slide\" role=\"group\" aria-roledescription=\"slide\" aria-label=\"4 de 6\"><figure class=\"swiper-slide-inner\"><img decoding=\"async\" class=\"swiper-slide-image\" src=\"https:\/\/casaruralabuela.es\/wp-content\/uploads\/2024\/07\/Rio-Jalon-Embid.png\" alt=\"R\u00edo Jal\u00f3n Embid\" \/><\/figure><\/div><div class=\"swiper-slide\" role=\"group\" aria-roledescription=\"slide\" aria-label=\"5 de 6\"><figure class=\"swiper-slide-inner\"><img decoding=\"async\" class=\"swiper-slide-image\" src=\"https:\/\/casaruralabuela.es\/wp-content\/uploads\/2024\/07\/Rio-Jalon-.png\" alt=\"R\u00edo Jal\u00f3n\" \/><\/figure><\/div><div class=\"swiper-slide\" role=\"group\" aria-roledescription=\"slide\" aria-label=\"6 de 6\"><figure class=\"swiper-slide-inner\"><img decoding=\"async\" class=\"swiper-slide-image\" src=\"https:\/\/casaruralabuela.es\/wp-content\/uploads\/2024\/07\/Iglesia-Embid.png\" alt=\"Iglesia Embid\" \/><\/figure><\/div>\t\t\t<\/div>\n\t\t\t\t\t\t\t\t\t\t\t\t<div class=\"elementor-swiper-button elementor-swiper-button-prev\" role=\"button\" tabindex=\"0\">\n\t\t\t\t\t\t<svg aria-hidden=\"true\" class=\"e-font-icon-svg e-eicon-chevron-left\" viewBox=\"0 0 1000 1000\" xmlns=\"http:\/\/www.w3.org\/2000\/svg\"><path d=\"M646 125C629 125 613 133 604 142L308 442C296 454 292 471 292 487 292 504 296 521 308 533L604 854C617 867 629 875 646 875 663 875 679 871 692 858 704 846 713 829 713 812 713 796 708 779 692 767L438 487 692 225C700 217 708 204 708 187 708 171 704 154 692 142 675 129 663 125 646 125Z\"><\/path><\/svg>\t\t\t\t\t<\/div>\n\t\t\t\t\t<div class=\"elementor-swiper-button elementor-swiper-button-next\" role=\"button\" tabindex=\"0\">\n\t\t\t\t\t\t<svg aria-hidden=\"true\" class=\"e-font-icon-svg e-eicon-chevron-right\" viewBox=\"0 0 1000 1000\" xmlns=\"http:\/\/www.w3.org\/2000\/svg\"><path d=\"M696 533C708 521 713 504 713 487 713 471 708 454 696 446L400 146C388 133 375 125 354 125 338 125 325 129 313 142 300 154 292 171 292 187 292 204 296 221 308 233L563 492 304 771C292 783 288 800 288 817 288 833 296 850 308 863 321 871 338 875 354 875 371 875 388 867 400 854L696 533Z\"><\/path><\/svg>\t\t\t\t\t<\/div>\n\t\t\t\t\n\t\t\t\t\t\t\t\t\t<div class=\"swiper-pagination\"><\/div>\n\t\t\t\t\t\t\t\t\t<\/div>\n\t\t\t\t\t\t<\/div>\n\t\t\t\t<\/div>\n\t\t\t\t\t<\/div>\n\t\t\t\t<\/div>\n\t\t<div class=\"elementor-element elementor-element-4dddfa28 e-flex e-con-boxed e-con e-parent\" data-id=\"4dddfa28\" data-element_type=\"container\" data-settings=\"{&quot;background_background&quot;:&quot;classic&quot;}\">\n\t\t\t\t\t<div class=\"e-con-inner\">\n\t\t<div class=\"elementor-element elementor-element-52e4834a e-con-full e-flex e-con e-child\" data-id=\"52e4834a\" data-element_type=\"container\">\n\t\t\t\t<div class=\"elementor-element elementor-element-4a4d02ec elementor-widget elementor-widget-heading\" data-id=\"4a4d02ec\" data-element_type=\"widget\" data-widget_type=\"heading.default\">\n\t\t\t\t<div class=\"elementor-widget-container\">\n\t\t\t\t\t<h2 class=\"elementor-heading-title elementor-size-default\">Actividades<\/h2>\t\t\t\t<\/div>\n\t\t\t\t<\/div>\n\t\t\t\t<div class=\"elementor-element elementor-element-5258c814 elementor-widget elementor-widget-text-editor\" data-id=\"5258c814\" data-element_type=\"widget\" data-widget_type=\"text-editor.default\">\n\t\t\t\t<div class=\"elementor-widget-container\">\n\t\t\t\t\t\t\t\t\t<p>Podr\u00e1s practicar numerosas actividades deportivas en la zona <a href=\"https:\/\/www.yumping.com\/cosas-que-hacer\/zaragoza\">aqu\u00ed<\/a>.<\/p>\t\t\t\t\t\t\t\t<\/div>\n\t\t\t\t<\/div>\n\t\t\t\t<\/div>\n\t\t<div class=\"elementor-element elementor-element-53244af5 e-con-full e-flex e-con e-child\" data-id=\"53244af5\" data-element_type=\"container\" data-settings=\"{&quot;background_background&quot;:&quot;classic&quot;}\">\n\t\t\t\t<div class=\"elementor-element elementor-element-16a1e1a elementor-widget elementor-widget-image-box\" data-id=\"16a1e1a\" data-element_type=\"widget\" data-widget_type=\"image-box.default\">\n\t\t\t\t<div class=\"elementor-widget-container\">\n\t\t\t\t\t<div class=\"elementor-image-box-wrapper\"><div class=\"elementor-image-box-content\"><h4 class=\"elementor-image-box-title\">Senderismo<\/h4><p class=\"elementor-image-box-description\">La zona ofrece varias rutas para caminatas y senderismo, donde se puede disfrutar de la naturaleza y las vistas panor\u00e1micas.<\/p><\/div><\/div>\t\t\t\t<\/div>\n\t\t\t\t<\/div>\n\t\t\t\t<div class=\"elementor-element elementor-element-754f6cf9 elementor-widget elementor-widget-image-box\" data-id=\"754f6cf9\" data-element_type=\"widget\" data-widget_type=\"image-box.default\">\n\t\t\t\t<div class=\"elementor-widget-container\">\n\t\t\t\t\t<div class=\"elementor-image-box-wrapper\"><div class=\"elementor-image-box-content\"><h4 class=\"elementor-image-box-title\">R\u00edo Jal\u00f3n<\/h4><p class=\"elementor-image-box-description\">Explorar las riberas del r\u00edo Jal\u00f3n, que pasa cerca del pueblo, ofrece oportunidades para paseos tranquilos y observaci\u00f3n de aves<\/p><\/div><\/div>\t\t\t\t<\/div>\n\t\t\t\t<\/div>\n\t\t\t\t<div class=\"elementor-element elementor-element-40f58e2 elementor-widget elementor-widget-image-box\" data-id=\"40f58e2\" data-element_type=\"widget\" data-widget_type=\"image-box.default\">\n\t\t\t\t<div class=\"elementor-widget-container\">\n\t\t\t\t\t<div class=\"elementor-image-box-wrapper\"><div class=\"elementor-image-box-content\"><h4 class=\"elementor-image-box-title\">Ciclismo<\/h4><p class=\"elementor-image-box-description\">Las carreteras y caminos alrededor de Embid de la Ribera son ideales para el ciclismo, ofreciendo rutas de diferentes niveles de dificultad.<\/p><\/div><\/div>\t\t\t\t<\/div>\n\t\t\t\t<\/div>\n\t\t\t\t<div class=\"elementor-element elementor-element-8bf845c elementor-widget elementor-widget-image-box\" data-id=\"8bf845c\" data-element_type=\"widget\" data-widget_type=\"image-box.default\">\n\t\t\t\t<div class=\"elementor-widget-container\">\n\t\t\t\t\t<div class=\"elementor-image-box-wrapper\"><div class=\"elementor-image-box-content\"><h4 class=\"elementor-image-box-title\">Pesca<\/h4><p class=\"elementor-image-box-description\">El r\u00edo Jal\u00f3n es tambi\u00e9n un buen lugar para la pesca deportiva, permitiendo a los aficionados disfrutar de este pasatiempo en un entorno tranquilo.<\/p><\/div><\/div>\t\t\t\t<\/div>\n\t\t\t\t<\/div>\n\t\t\t\t<\/div>\n\t\t\t\t\t<\/div>\n\t\t\t\t<\/div>\n\t\t<div class=\"elementor-element elementor-element-515b0f14 e-flex e-con-boxed e-con e-parent\" data-id=\"515b0f14\" data-element_type=\"container\">\n\t\t\t\t\t<div class=\"e-con-inner\">\n\t\t\t\t<div class=\"elementor-element elementor-element-772f8002 elementor-widget elementor-widget-heading\" data-id=\"772f8002\" data-element_type=\"widget\" data-widget_type=\"heading.default\">\n\t\t\t\t<div class=\"elementor-widget-container\">\n\t\t\t\t\t<h2 class=\"elementor-heading-title elementor-size-default\">Vive una experiencia inolvidable<\/h2>\t\t\t\t<\/div>\n\t\t\t\t<\/div>\n\t\t\t\t<div class=\"elementor-element elementor-element-597e6c35 elementor-align-center elementor-widget__width-inherit elementor-invisible elementor-widget elementor-widget-button\" data-id=\"597e6c35\" data-element_type=\"widget\" data-settings=\"{&quot;_animation&quot;:&quot;fadeInDown&quot;}\" data-widget_type=\"button.default\">\n\t\t\t\t<div class=\"elementor-widget-container\">\n\t\t\t\t\t\t\t\t\t<div class=\"elementor-button-wrapper\">\n\t\t\t\t\t<a class=\"elementor-button elementor-button-link elementor-size-sm\" href=\"https:\/\/casaruralabuela.es\/index.php\/contacto\/\">\n\t\t\t\t\t\t<span class=\"elementor-button-content-wrapper\">\n\t\t\t\t\t\t\t\t\t<span class=\"elementor-button-text\">Contacto<\/span>\n\t\t\t\t\t<\/span>\n\t\t\t\t\t<\/a>\n\t\t\t\t<\/div>\n\t\t\t\t\t\t\t\t<\/div>\n\t\t\t\t<\/div>\n\t\t\t\t\t<\/div>\n\t\t\t\t<\/div>\n\t\t\t\t<\/div>\n\t\t","protected":false},"excerpt":{"rendered":"<p>Actividades Un entorno en el que podr\u00e1s desconectar y disfrutar de la naturaleza Iglesia de San Miguel Arc\u00e1ngel Una iglesia hist\u00f3rica que es un buen ejemplo de la arquitectura religiosa de la regi\u00f3n. Casco antiguo Pasear por el casco antiguo del pueblo para disfrutar de la arquitectura tradicional y la atm\u00f3sfera tranquila. Fiestas patronales Pasear [&hellip;]<\/p>\n","protected":false},"author":1,"featured_media":433,"parent":0,"menu_order":0,"comment_status":"closed","ping_status":"closed","template":"elementor_header_footer","meta":{"_joinchat":[],"footnotes":""},"class_list":["post-56","page","type-page","status-publish","has-post-thumbnail","hentry"],"yoast_head":"<!-- This site is optimized with the Yoast SEO plugin v25.3.1 - https:\/\/yoast.com\/wordpress\/plugins\/seo\/ -->\n<title>Casa Rural Abuela | Actividades en la zona<\/title>\n<meta name=\"description\" content=\"En el entorno de nuestra casa rural podr\u00e1s realizar numerosas actividades culturales y deportivas, vis\u00edtanos y descubre todo un paraiso.\" \/>\n<meta name=\"robots\" content=\"index, follow, max-snippet:-1, max-image-preview:large, max-video-preview:-1\" \/>\n<link rel=\"canonical\" href=\"https:\/\/casaruralabuela.es\/index.php\/actividades\/\" \/>\n<meta property=\"og:locale\" content=\"es_ES\" \/>\n<meta property=\"og:type\" content=\"article\" \/>\n<meta property=\"og:title\" content=\"Casa Rural Abuela | Actividades en la zona\" \/>\n<meta property=\"og:description\" content=\"En el entorno de nuestra casa rural podr\u00e1s realizar numerosas actividades culturales y deportivas, vis\u00edtanos y descubre todo un paraiso.\" \/>\n<meta property=\"og:url\" content=\"https:\/\/casaruralabuela.es\/index.php\/actividades\/\" \/>\n<meta property=\"og:site_name\" content=\"Casa Rural Abuela\" \/>\n<meta property=\"article:publisher\" content=\"https:\/\/www.facebook.com\/casalaabuelasabina\" \/>\n<meta property=\"article:modified_time\" content=\"2025-07-24T08:45:46+00:00\" \/>\n<meta property=\"og:image\" content=\"https:\/\/casaruralabuela.es\/wp-content\/uploads\/2024\/07\/Rio-Jalon-Embid-768x768.png\" \/>\n\t<meta property=\"og:image:width\" content=\"768\" \/>\n\t<meta property=\"og:image:height\" content=\"768\" \/>\n\t<meta property=\"og:image:type\" content=\"image\/png\" \/>\n<meta name=\"twitter:card\" content=\"summary_large_image\" \/>\n<script type=\"application\/ld+json\" class=\"yoast-schema-graph\">{\"@context\":\"https:\/\/schema.org\",\"@graph\":[{\"@type\":\"WebPage\",\"@id\":\"https:\/\/casaruralabuela.es\/index.php\/actividades\/\",\"url\":\"https:\/\/casaruralabuela.es\/index.php\/actividades\/\",\"name\":\"Casa Rural Abuela | Actividades en la zona\",\"isPartOf\":{\"@id\":\"https:\/\/casaruralabuela.es\/#website\"},\"primaryImageOfPage\":{\"@id\":\"https:\/\/casaruralabuela.es\/index.php\/actividades\/#primaryimage\"},\"image\":{\"@id\":\"https:\/\/casaruralabuela.es\/index.php\/actividades\/#primaryimage\"},\"thumbnailUrl\":\"https:\/\/casaruralabuela.es\/wp-content\/uploads\/2024\/07\/Rio-Jalon-Embid.png\",\"datePublished\":\"2024-05-16T16:27:54+00:00\",\"dateModified\":\"2025-07-24T08:45:46+00:00\",\"description\":\"En el entorno de nuestra casa rural podr\u00e1s realizar numerosas actividades culturales y deportivas, vis\u00edtanos y descubre todo un paraiso.\",\"breadcrumb\":{\"@id\":\"https:\/\/casaruralabuela.es\/index.php\/actividades\/#breadcrumb\"},\"inLanguage\":\"es\",\"potentialAction\":[{\"@type\":\"ReadAction\",\"target\":[\"https:\/\/casaruralabuela.es\/index.php\/actividades\/\"]}]},{\"@type\":\"ImageObject\",\"inLanguage\":\"es\",\"@id\":\"https:\/\/casaruralabuela.es\/index.php\/actividades\/#primaryimage\",\"url\":\"https:\/\/casaruralabuela.es\/wp-content\/uploads\/2024\/07\/Rio-Jalon-Embid.png\",\"contentUrl\":\"https:\/\/casaruralabuela.es\/wp-content\/uploads\/2024\/07\/Rio-Jalon-Embid.png\",\"width\":1080,\"height\":1080},{\"@type\":\"BreadcrumbList\",\"@id\":\"https:\/\/casaruralabuela.es\/index.php\/actividades\/#breadcrumb\",\"itemListElement\":[{\"@type\":\"ListItem\",\"position\":1,\"name\":\"Portada\",\"item\":\"https:\/\/casaruralabuela.es\/\"},{\"@type\":\"ListItem\",\"position\":2,\"name\":\"Actividades\"}]},{\"@type\":\"WebSite\",\"@id\":\"https:\/\/casaruralabuela.es\/#website\",\"url\":\"https:\/\/casaruralabuela.es\/\",\"name\":\"Casa Rural Abuela\",\"description\":\"S\u00f3lo otro sitio de WordPress\",\"publisher\":{\"@id\":\"https:\/\/casaruralabuela.es\/#organization\"},\"potentialAction\":[{\"@type\":\"SearchAction\",\"target\":{\"@type\":\"EntryPoint\",\"urlTemplate\":\"https:\/\/casaruralabuela.es\/?s={search_term_string}\"},\"query-input\":{\"@type\":\"PropertyValueSpecification\",\"valueRequired\":true,\"valueName\":\"search_term_string\"}}],\"inLanguage\":\"es\"},{\"@type\":\"Organization\",\"@id\":\"https:\/\/casaruralabuela.es\/#organization\",\"name\":\"Casa Rural La Abuela\",\"url\":\"https:\/\/casaruralabuela.es\/\",\"logo\":{\"@type\":\"ImageObject\",\"inLanguage\":\"es\",\"@id\":\"https:\/\/casaruralabuela.es\/#\/schema\/logo\/image\/\",\"url\":\"https:\/\/casaruralabuela.es\/wp-content\/uploads\/2024\/05\/cropped-Logo-Casa-Rural-La-Abuela.png\",\"contentUrl\":\"https:\/\/casaruralabuela.es\/wp-content\/uploads\/2024\/05\/cropped-Logo-Casa-Rural-La-Abuela.png\",\"width\":512,\"height\":512,\"caption\":\"Casa Rural La Abuela\"},\"image\":{\"@id\":\"https:\/\/casaruralabuela.es\/#\/schema\/logo\/image\/\"},\"sameAs\":[\"https:\/\/www.facebook.com\/casalaabuelasabina\",\"https:\/\/www.instagram.com\/casa_rural_la_abuela\/\"]}]}<\/script>\n<!-- \/ Yoast SEO plugin. -->","yoast_head_json":{"title":"Casa Rural Abuela | Actividades en la zona","description":"En el entorno de nuestra casa rural podr\u00e1s realizar numerosas actividades culturales y deportivas, vis\u00edtanos y descubre todo un paraiso.","robots":{"index":"index","follow":"follow","max-snippet":"max-snippet:-1","max-image-preview":"max-image-preview:large","max-video-preview":"max-video-preview:-1"},"canonical":"https:\/\/casaruralabuela.es\/index.php\/actividades\/","og_locale":"es_ES","og_type":"article","og_title":"Casa Rural Abuela | Actividades en la zona","og_description":"En el entorno de nuestra casa rural podr\u00e1s realizar numerosas actividades culturales y deportivas, vis\u00edtanos y descubre todo un paraiso.","og_url":"https:\/\/casaruralabuela.es\/index.php\/actividades\/","og_site_name":"Casa Rural Abuela","article_publisher":"https:\/\/www.facebook.com\/casalaabuelasabina","article_modified_time":"2025-07-24T08:45:46+00:00","og_image":[{"width":768,"height":768,"url":"https:\/\/casaruralabuela.es\/wp-content\/uploads\/2024\/07\/Rio-Jalon-Embid-768x768.png","type":"image\/png"}],"twitter_card":"summary_large_image","schema":{"@context":"https:\/\/schema.org","@graph":[{"@type":"WebPage","@id":"https:\/\/casaruralabuela.es\/index.php\/actividades\/","url":"https:\/\/casaruralabuela.es\/index.php\/actividades\/","name":"Casa Rural Abuela | Actividades en la zona","isPartOf":{"@id":"https:\/\/casaruralabuela.es\/#website"},"primaryImageOfPage":{"@id":"https:\/\/casaruralabuela.es\/index.php\/actividades\/#primaryimage"},"image":{"@id":"https:\/\/casaruralabuela.es\/index.php\/actividades\/#primaryimage"},"thumbnailUrl":"https:\/\/casaruralabuela.es\/wp-content\/uploads\/2024\/07\/Rio-Jalon-Embid.png","datePublished":"2024-05-16T16:27:54+00:00","dateModified":"2025-07-24T08:45:46+00:00","description":"En el entorno de nuestra casa rural podr\u00e1s realizar numerosas actividades culturales y deportivas, vis\u00edtanos y descubre todo un paraiso.","breadcrumb":{"@id":"https:\/\/casaruralabuela.es\/index.php\/actividades\/#breadcrumb"},"inLanguage":"es","potentialAction":[{"@type":"ReadAction","target":["https:\/\/casaruralabuela.es\/index.php\/actividades\/"]}]},{"@type":"ImageObject","inLanguage":"es","@id":"https:\/\/casaruralabuela.es\/index.php\/actividades\/#primaryimage","url":"https:\/\/casaruralabuela.es\/wp-content\/uploads\/2024\/07\/Rio-Jalon-Embid.png","contentUrl":"https:\/\/casaruralabuela.es\/wp-content\/uploads\/2024\/07\/Rio-Jalon-Embid.png","width":1080,"height":1080},{"@type":"BreadcrumbList","@id":"https:\/\/casaruralabuela.es\/index.php\/actividades\/#breadcrumb","itemListElement":[{"@type":"ListItem","position":1,"name":"Portada","item":"https:\/\/casaruralabuela.es\/"},{"@type":"ListItem","position":2,"name":"Actividades"}]},{"@type":"WebSite","@id":"https:\/\/casaruralabuela.es\/#website","url":"https:\/\/casaruralabuela.es\/","name":"Casa Rural Abuela","description":"S\u00f3lo otro sitio de WordPress","publisher":{"@id":"https:\/\/casaruralabuela.es\/#organization"},"potentialAction":[{"@type":"SearchAction","target":{"@type":"EntryPoint","urlTemplate":"https:\/\/casaruralabuela.es\/?s={search_term_string}"},"query-input":{"@type":"PropertyValueSpecification","valueRequired":true,"valueName":"search_term_string"}}],"inLanguage":"es"},{"@type":"Organization","@id":"https:\/\/casaruralabuela.es\/#organization","name":"Casa Rural La Abuela","url":"https:\/\/casaruralabuela.es\/","logo":{"@type":"ImageObject","inLanguage":"es","@id":"https:\/\/casaruralabuela.es\/#\/schema\/logo\/image\/","url":"https:\/\/casaruralabuela.es\/wp-content\/uploads\/2024\/05\/cropped-Logo-Casa-Rural-La-Abuela.png","contentUrl":"https:\/\/casaruralabuela.es\/wp-content\/uploads\/2024\/05\/cropped-Logo-Casa-Rural-La-Abuela.png","width":512,"height":512,"caption":"Casa Rural La Abuela"},"image":{"@id":"https:\/\/casaruralabuela.es\/#\/schema\/logo\/image\/"},"sameAs":["https:\/\/www.facebook.com\/casalaabuelasabina","https:\/\/www.instagram.com\/casa_rural_la_abuela\/"]}]}},"_links":{"self":[{"href":"https:\/\/casaruralabuela.es\/index.php\/wp-json\/wp\/v2\/pages\/56","targetHints":{"allow":["GET"]}}],"collection":[{"href":"https:\/\/casaruralabuela.es\/index.php\/wp-json\/wp\/v2\/pages"}],"about":[{"href":"https:\/\/casaruralabuela.es\/index.php\/wp-json\/wp\/v2\/types\/page"}],"author":[{"embeddable":true,"href":"https:\/\/casaruralabuela.es\/index.php\/wp-json\/wp\/v2\/users\/1"}],"replies":[{"embeddable":true,"href":"https:\/\/casaruralabuela.es\/index.php\/wp-json\/wp\/v2\/comments?post=56"}],"version-history":[{"count":64,"href":"https:\/\/casaruralabuela.es\/index.php\/wp-json\/wp\/v2\/pages\/56\/revisions"}],"predecessor-version":[{"id":650,"href":"https:\/\/casaruralabuela.es\/index.php\/wp-json\/wp\/v2\/pages\/56\/revisions\/650"}],"wp:featuredmedia":[{"embeddable":true,"href":"https:\/\/casaruralabuela.es\/index.php\/wp-json\/wp\/v2\/media\/433"}],"wp:attachment":[{"href":"https:\/\/casaruralabuela.es\/index.php\/wp-json\/wp\/v2\/media?parent=56"}],"curies":[{"name":"wp","href":"https:\/\/api.w.org\/{rel}","templated":true}]}}